{"id":1226,"date":"2016-09-06T18:10:26","date_gmt":"2016-09-06T18:10:26","guid":{"rendered":"http:\/\/demos.famethemes.com\/screenr-plus\/?post_type=portfolio&#038;p=1196"},"modified":"2026-01-12T16:06:36","modified_gmt":"2026-01-12T16:06:36","slug":"spanish-schools-in-seville","status":"publish","type":"page","link":"https:\/\/holaspain.agency\/de\/spanish-schools-in-seville\/","title":{"rendered":"Spanischschulen in Seville"},"content":{"rendered":"<div class=\"wpb-content-wrapper\"><div class=\"vc_row wpb_row vc_row-fluid\"><div class=\"wpb_column vc_column_container vc_col-sm-12\"><div class=\"vc_column-inner\"><div class=\"wpb_wrapper\">\n\t<div class=\"wpb_text_column wpb_content_element\" >\n\t\t<div class=\"wpb_wrapper\">\n\t\t\t<h1 style=\"text-align: justify;\">Spanisch lernen im Ausland<\/h1>\n<h3 style=\"text-align: justify;\"><strong>Spanisch lernen in Sevilla - Wo Tradition, Leidenschaft und Sprache zusammenkommen<\/strong><\/h3>\n<blockquote>\n<p style=\"text-align: justify;\">Wenn Sie das erleben wollen <em>das wahre Herz Spaniens<\/em> beim Spanischlernen, <strong>Seville<\/strong> ist Ihr Ziel: Mit seinem <strong>lebendige Kultur, warmes Wetter und gastfreundliche Menschen<\/strong>, Sevilla bietet die perfekte Umgebung f\u00fcr <strong>Eintauchen in die spanische Sprache und den andalusischen Lebensstil<\/strong>. Hier wird jede Stra\u00dfe, jeder Platz und jedes Caf\u00e9 zu einem Klassenzimmer - und jedes Gespr\u00e4ch zu einem Schritt in Richtung Sprachkompetenz.<\/p>\n<\/blockquote>\n<h3 style=\"text-align: justify;\"><strong>Warum Spanisch lernen in Sevilla<\/strong><\/h3>\n<p><iframe loading=\"lazy\" title=\"Spanisch lernen in Sevilla \ud83c\uddea\ud83c\uddf8 | Tradition, Kultur &amp; Eintauchen\" width=\"790\" height=\"444\" src=\"https:\/\/www.youtube.com\/embed\/ezZV2syjOBg?feature=oembed\" frameborder=\"0\" allow=\"accelerometer; autoplay; clipboard-write; encrypted-media; gyroscope; picture-in-picture; web-share\" referrerpolicy=\"strict-origin-when-cross-origin\" allowfullscreen><\/iframe><\/p>\n<p style=\"text-align: justify;\">Sevilla ist die <strong>Hauptstadt von Andalusien<\/strong>, Die Stadt ist ber\u00fchmt f\u00fcr ihre Flamenco-Musik, ihre nach Orangen duftenden Stra\u00dfen und ihre reiche maurische Geschichte.<br \/>\nEs ist eine der faszinierendsten St\u00e4dte Spaniens - <strong>fast das ganze Jahr \u00fcber sonnig<\/strong>, Die Stadt ist voll von Farben, Traditionen und Energie.<\/p>\n<p style=\"text-align: justify;\">Studenten w\u00e4hlen Sevilla, weil:<\/p>\n<ul style=\"text-align: justify;\">\n<li>Es ist eine der <strong>die authentischsten Orte, um die spanische Kultur zu erleben<\/strong>.<\/li>\n<li>Sie bietet <strong>erschwingliche Lebenshaltungskosten<\/strong> im Vergleich zu gr\u00f6\u00dferen St\u00e4dten.<\/li>\n<li>Einheimische sprechen <strong>klares, traditionelles Spanisch<\/strong>, ideal f\u00fcr Sprachsch\u00fcler.<\/li>\n<li>Die Stadt ist <strong>sicher, begehbar und studentenfreundlich<\/strong>.<\/li>\n<\/ul>\n<p style=\"text-align: justify;\">Ob Sie ein <strong>Teenager, der an einem Sommerlager teilnimmt<\/strong> oder ein <strong>erwachsener Lerner<\/strong> Sevilla bietet unvergessliche Erlebnisse und eine Ausbildung von Weltrang, wenn man einen Langzeit-Immersionskurs verfolgt.<\/p>\n<h3 style=\"text-align: justify;\"><strong>Die besten Spanischschulen in Sevilla<\/strong><\/h3>\n<p style=\"text-align: justify;\">Hier sind einige der <strong>die renommiertesten und anerkanntesten Spanischschulen<\/strong> in Sevilla - perfekt f\u00fcr Sch\u00fcler, die die Sprache in einer echten spanischen Umgebung lernen wollen:<\/p>\n<h4 style=\"text-align: justify;\"><strong>1. CLIC Internationales Haus Sevilla<\/strong><\/h4>\n<p style=\"text-align: justify;\">Eine gut etablierte und hoch angesehene Schule, die vom Instituto Cervantes anerkannt ist. CLIC bietet intensive Spanischkurse, DELE-Vorbereitung und Sommerprogramme f\u00fcr Jugendliche an. Die Schule organisiert auch Flamenco-Kurse, Tapas-Touren und Wochenendausfl\u00fcge.<\/p>\n<h4 style=\"text-align: justify;\"><strong>2. Enforex Sevilla<\/strong><\/h4>\n<p style=\"text-align: justify;\">Enforex befindet sich in einem sch\u00f6nen andalusischen Herrenhaus in der N\u00e4he des Stadtzentrums und bietet moderne Einrichtungen, erfahrene Lehrer und eine multikulturelle Atmosph\u00e4re. Ideal f\u00fcr Erwachsene und junge Studenten, mit flexiblen Stundenpl\u00e4nen und kulturellen Workshops jede Woche.<\/p>\n<h4 style=\"text-align: justify;\"><strong>3. Spanisches Sprachzentrum (SLC)<\/strong><\/h4>\n<p style=\"text-align: justify;\">SLC ist f\u00fcr seine freundliche Umgebung und die kleinen Klassengr\u00f6\u00dfen bekannt und legt den Schwerpunkt auf Kommunikation und praktische Anwendung des Spanischen im Alltag. Die Kurse umfassen allgemeines Spanisch, Wirtschaftsspanisch und ma\u00dfgeschneiderte Programme f\u00fcr Universit\u00e4tsstudenten und Berufst\u00e4tige.<\/p>\n<h4 style=\"text-align: justify;\"><strong>4. Sevilla Habla<\/strong><\/h4>\n<p style=\"text-align: justify;\">Eine dynamische Schule mit flexiblen Spanischkursen und einem abwechslungsreichen Freizeitprogramm. Die Sch\u00fcler genie\u00dfen es, durch reale Erfahrungen zu lernen - vom Sprachaustausch bis hin zu lokalen Koch- und Flamenco-Sessions.<\/p>\n<h4 style=\"text-align: justify;\"><strong>5. Academia Andaluza<\/strong><\/h4>\n<p style=\"text-align: justify;\">Obwohl diese Schule in einer nahegelegenen Stadt in der Provinz Sevilla liegt, bietet sie eine intimere, authentische Spanisch-Erfahrung. Perfekt f\u00fcr Jugendliche und Erwachsene, die in einer ruhigeren, lokalen Umgebung nahe der Stadt lernen m\u00f6chten.<\/p>\n<h3 style=\"text-align: justify;\"><strong>Das Erlebnis Sevilla leben<\/strong><\/h3>\n<p style=\"text-align: justify;\">Spanisch in Sevilla zu lernen bedeutet <strong>T\u00e4glich spanische Kultur leben<\/strong>. Sie k\u00f6nnen:<\/p>\n<ul style=\"text-align: justify;\">\n<li>Erforschen Sie die <strong>majest\u00e4tischer Alc\u00e1zar-Palast<\/strong> und die <strong>Giralda-Turm<\/strong>.<\/li>\n<li>Gehen Sie durch den <strong>Stadtviertel Santa Cruz<\/strong>, mit seinen engen Gassen und versteckten Innenh\u00f6fen.<\/li>\n<li>Authentisch beobachten <strong>Flamenco-Shows<\/strong> und sp\u00fcren Sie die Leidenschaft Andalusiens.<\/li>\n<li>Feiern Sie mit den Einheimischen <strong>Semana Santa<\/strong> oder die bunten <strong>Feria de Abril<\/strong>.<\/li>\n<li>Genie\u00dfen Sie sonnige Nachmittage am <strong>Fluss Guadalquivir<\/strong>, umgeben von Musik und Gel\u00e4chter.<\/li>\n<\/ul>\n<blockquote>\n<p style=\"text-align: justify;\">In Sevilla wird das Erlernen der spanischen Sprache zu einem Lebensstil - <strong>unterhaltsam, kulturell und zutiefst menschlich<\/strong>. Ob f\u00fcr ein Sommerabenteuer, kulturelles Eintauchen oder ein Langzeitstudium - Sevilla bietet die perfekte Mischung aus Lernen, Tradition und unvergesslichen Erfahrungen.<\/p>\n<\/blockquote>\n\n\t\t<\/div>\n\t<\/div>\n<section class=\"vc_cta3-container\"><div class=\"vc_general vc_do_cta3 vc_cta3 vc_cta3-style-outline vc_cta3-shape-rounded vc_cta3-align-left vc_cta3-color-classic vc_cta3-icon-size-md vc_cta3-icons-left vc_cta3-actions-right\"><div class=\"vc_cta3-icons\"><div class=\"vc_icon_element vc_icon_element-outer vc_do_icon vc_icon_element-align-left\"><div class=\"vc_icon_element-inner vc_icon_element-color-turquoise vc_icon_element-size-md vc_icon_element-style- vc_icon_element-background-color-grey\" ><span class=\"vc_icon_element-icon fa fa-solid fa-arrow-right-from-bracket\" ><\/span><\/div><\/div><\/div><div class=\"vc_cta3_content-container\"><div class=\"vc_cta3-content\"><header class=\"vc_cta3-content-header\"><h2>Beginnen Sie Ihre Spanischreise in Valencia noch heute!<\/h2><\/header><p>Ob Sie nun <strong>Ihr Spanisch f\u00fcr Reisen, Studium oder Arbeit verbessern<\/strong>, oder einfach ein neues Abenteuer erleben m\u00f6chten, ist Seville bereit, Sie willkommen zu hei\u00dfen. Mit ausgezeichneten Schulen, erschwinglichem Leben und endlosem Charme ist es die <strong>ideale Stadt f\u00fcr Studenten aller Altersgruppen<\/strong>.<\/p>\n<\/div><div class=\"vc_cta3-actions\"><div class=\"vc_btn3-container vc_btn3-inline vc_do_btn\" ><a class=\"vc_general vc_btn3 vc_btn3-size-md vc_btn3-shape-rounded vc_btn3-style-modern vc_btn3-color-info\" href=\"https:\/\/holaspain.agency\/de\/#contact\" title=\"\">Erreichen Sie uns heute<\/a><\/div><\/div><\/div><\/div><\/section><\/div><\/div><\/div><\/div>\n<\/div>","protected":false},"excerpt":{"rendered":"<p>Lernen Sie Spanisch in Seville, einer charmanten Stadt, in der reiche Traditionen, Flamenco-Rhythmen und erstklassige Schulen unter der warmen andalusischen Sonne aufeinandertreffen.<\/p>","protected":false},"author":1,"featured_media":1826,"parent":0,"menu_order":0,"comment_status":"closed","ping_status":"closed","template":"","meta":{"_seopress_robots_primary_cat":"","_seopress_titles_title":"Hola Spain %%sep%% %%post_title%%","_seopress_titles_desc":"Learn Spanish in Seville \u2014 immerse yourself in vibrant culture, sunny weather, and the Andalusian lifestyle for an unforgettable language experience.","_seopress_robots_index":"","_daextam_enable_autolinks":"1","footnotes":""},"categories":[54,53],"tags":[],"class_list":["post-1226","page","type-page","status-publish","has-post-thumbnail","hentry","category-andalucia","category-spanish-schools"],"_links":{"self":[{"href":"https:\/\/holaspain.agency\/de\/wp-json\/wp\/v2\/pages\/1226","targetHints":{"allow":["GET"]}}],"collection":[{"href":"https:\/\/holaspain.agency\/de\/wp-json\/wp\/v2\/pages"}],"about":[{"href":"https:\/\/holaspain.agency\/de\/wp-json\/wp\/v2\/types\/page"}],"author":[{"embeddable":true,"href":"https:\/\/holaspain.agency\/de\/wp-json\/wp\/v2\/users\/1"}],"replies":[{"embeddable":true,"href":"https:\/\/holaspain.agency\/de\/wp-json\/wp\/v2\/comments?post=1226"}],"version-history":[{"count":5,"href":"https:\/\/holaspain.agency\/de\/wp-json\/wp\/v2\/pages\/1226\/revisions"}],"predecessor-version":[{"id":2360,"href":"https:\/\/holaspain.agency\/de\/wp-json\/wp\/v2\/pages\/1226\/revisions\/2360"}],"wp:featuredmedia":[{"embeddable":true,"href":"https:\/\/holaspain.agency\/de\/wp-json\/wp\/v2\/media\/1826"}],"wp:attachment":[{"href":"https:\/\/holaspain.agency\/de\/wp-json\/wp\/v2\/media?parent=1226"}],"wp:term":[{"taxonomy":"category","embeddable":true,"href":"https:\/\/holaspain.agency\/de\/wp-json\/wp\/v2\/categories?post=1226"},{"taxonomy":"post_tag","embeddable":true,"href":"https:\/\/holaspain.agency\/de\/wp-json\/wp\/v2\/tags?post=1226"}],"curies":[{"name":"wp","href":"https:\/\/api.w.org\/{rel}","templated":true}]}}