{"id":1223,"date":"2016-09-06T18:08:09","date_gmt":"2016-09-06T18:08:09","guid":{"rendered":"http:\/\/demos.famethemes.com\/screenr-plus\/?post_type=portfolio&#038;p=1187"},"modified":"2026-01-09T19:05:30","modified_gmt":"2026-01-09T19:05:30","slug":"spanischschulen-in-granada","status":"publish","type":"page","link":"https:\/\/holaspain.agency\/de\/spanish-schools-in-granada\/","title":{"rendered":"Spanischschulen in Granada"},"content":{"rendered":"<div class=\"wpb-content-wrapper\"><div class=\"vc_row wpb_row vc_row-fluid\"><div class=\"wpb_column vc_column_container vc_col-sm-12\"><div class=\"vc_column-inner\"><div class=\"wpb_wrapper\">\n\t<div class=\"wpb_text_column wpb_content_element\" >\n\t\t<div class=\"wpb_wrapper\">\n\t\t\t<h1 style=\"text-align: justify;\">Spanisch lernen im Ausland<\/h1>\n<h3 style=\"text-align: justify;\"><strong>Spanisch lernen in Granada - Wo sich Sprache, Kultur und Geschichte treffen<\/strong><\/h3>\n<blockquote>\n<p style=\"text-align: justify;\">Wenn Sie auf der Suche nach einem Ort sind, an dem Sie Spanisch lernen k\u00f6nnen und der eine atemberaubende Geschichte, eine sch\u00f6ne Aussicht auf die Berge und ein lebhaftes Studentenleben bietet, <strong>Granada<\/strong> ist die perfekte Wahl. Eingebettet am Fu\u00dfe des <strong>Sierra Nevada Gebirge<\/strong> und die Heimat des weltber\u00fchmten <strong>Alhambra-Palast<\/strong>, Granada offers a unique blend of <strong>Andalusische Tradition, jugendliche Energie und akademische Exzellenz<\/strong>.<\/p>\n<\/blockquote>\n<h3 style=\"text-align: justify;\"><strong>Warum Spanisch lernen in Granada<\/strong><\/h3>\n<p><iframe loading=\"lazy\" title=\"Spanisch lernen in Granada \ud83c\uddea\ud83c\uddf8 | Geschichte, Kultur &amp; Immersion\" width=\"790\" height=\"444\" src=\"https:\/\/www.youtube.com\/embed\/0D6AVpzFc-Q?feature=oembed\" frameborder=\"0\" allow=\"accelerometer; autoplay; clipboard-write; encrypted-media; gyroscope; picture-in-picture; web-share\" referrerpolicy=\"strict-origin-when-cross-origin\" allowfullscreen><\/iframe><\/p>\n<p style=\"text-align: justify;\"><span style=\"font-size: 0.9375rem;\">Hier erz\u00e4hlt jede Stra\u00dfe eine Geschichte, jeder Blick inspiriert Sie - und jeder Moment ist eine Chance, die<\/span><span style=\"font-size: 0.9375rem;\">\u00a0<\/span><strong style=\"font-size: 0.9375rem;\">Spanisch leben und lernen<\/strong><span style=\"font-size: 0.9375rem;\">\u00a0<\/span><span style=\"font-size: 0.9375rem;\">in einer der zauberhaftesten St\u00e4dte Spaniens.<\/span><\/p>\n<p style=\"text-align: justify;\">Granada is a <strong>Universit\u00e4tsstadt<\/strong> mit Tausenden von einheimischen und internationalen Studenten, die ein dynamisches, multikulturelles Umfeld schaffen, das perfekt zum Lernen und zum Schlie\u00dfen neuer Freundschaften geeignet ist.<br \/>\nIt\u2019s smaller and more affordable than Madrid or Barcelona, yet full of beauty, culture, and life.<\/p>\n<p style=\"text-align: justify;\">Students choose Granada because:<\/p>\n<ul style=\"text-align: justify;\">\n<li>Einheimische sprechen <strong>klares und traditionelles andalusisches Spanisch<\/strong>, leicht zu verstehen.<\/li>\n<li>Es ist <strong>erschwinglich<\/strong> und ideal f\u00fcr Studentenbudgets.<\/li>\n<li>Es gibt eine <strong>pulsierendes Nachtleben und kulturelle Szene<\/strong> dank der gro\u00dfen Zahl von Studenten.<\/li>\n<li>Sie k\u00f6nnen genie\u00dfen <strong>Skifahren in den Bergen<\/strong> und <strong>Entspannung an Mittelmeerstr\u00e4nden<\/strong> an demselben Wochenende.<\/li>\n<li>Die Gr\u00f6\u00dfe der Stadt macht sie <strong>sicher, begehbar und einladend<\/strong>.<\/li>\n<\/ul>\n<p style=\"text-align: justify;\">Granada offers a perfect balance between <strong>Studium, Abenteuer und kulturelle Entdeckungen<\/strong> - sowohl f\u00fcr Jugendliche als auch f\u00fcr erwachsene Lernende.<\/p>\n<h3 style=\"text-align: justify;\"><strong>Die besten Spanischschulen in Granada<\/strong><\/h3>\n<p style=\"text-align: justify;\">Hier sind einige der <strong>best and most accredited Spanish schools in Granada<\/strong>, ideal f\u00fcr internationale Studenten, die Qualit\u00e4t und Vertiefung suchen:<\/p>\n<h4 style=\"text-align: justify;\"><strong>1. Enforex Granada<\/strong><\/h4>\n<p style=\"text-align: justify;\">Im historischen Zentrum gelegen, bietet Enforex eine moderne Lernumgebung mit hochqualifizierten Lehrern und dynamischen Klassen. Die Sch\u00fcler k\u00f6nnen an kulturellen Workshops, Exkursionen und Sprachaustauschen teilnehmen, um Spanisch auch au\u00dferhalb des Klassenzimmers zu \u00fcben.<\/p>\n<h4 style=\"text-align: justify;\"><strong>2. Instituto Mediterr\u00e1neo Sol (iNMSOL)<\/strong><\/h4>\n<p style=\"text-align: justify;\">iNMSOL ist vom Instituto Cervantes akkreditiert und verf\u00fcgt \u00fcber 30 Jahre Erfahrung im Unterrichten von Spanisch f\u00fcr internationale Studenten. Es bietet Intensivkurse, DELE-Vorbereitung und ma\u00dfgeschneiderte Programme f\u00fcr Erwachsene, Jugendliche und Berufst\u00e4tige.<\/p>\n<h4 style=\"text-align: justify;\"><strong>3. CastiLa Spanisch Schule<\/strong><\/h4>\n<p style=\"text-align: justify;\">In einem charmanten Geb\u00e4ude mit Blick auf die <strong>Alhambra<\/strong>, CastiLa bietet kleine Gruppen, pers\u00f6nliche Betreuung und einen starken akademischen Schwerpunkt. Die Schule kombiniert Lernen mit kulturellem Eintauchen durch gef\u00fchrte Touren, lokale Erfahrungen und Sprachaustausch.<\/p>\n<h4 style=\"text-align: justify;\"><strong>4. Schule Montalb\u00e1n<\/strong><\/h4>\n<p style=\"text-align: justify;\">A member of TANDEM International and accredited by Instituto Cervantes, Escuela Montalb\u00e1n is one of Granada\u2019s most respected schools. It offers intensive and super-intensive Spanish courses, teacher training, and summer camps for teenagers.<\/p>\n<h4 style=\"text-align: justify;\"><strong>5. Academia El Sur<\/strong><\/h4>\n<p style=\"text-align: justify;\">Die Academia El Sur ist eine Boutique-Sprachschule in der N\u00e4he des Stadtteils Albaic\u00edn und bietet intensive Spanischprogramme mit Schwerpunkt auf Kommunikation, Kultur und pers\u00f6nlicher Betreuung. Ideal f\u00fcr Studenten, die eine intime und authentische Lernumgebung w\u00fcnschen.<\/p>\n<h3 style=\"text-align: justify;\"><strong>Die Erfahrung von Granada erleben<\/strong><\/h3>\n<p style=\"text-align: justify;\">Studying Spanish in Granada is much more than learning a language \u2014 it\u2019s <strong>ein kulturelles Abenteuer erleben<\/strong> jeden Tag. Das k\u00f6nnen Sie:<\/p>\n<ul style=\"text-align: justify;\">\n<li>Besuchen Sie die atemberaubende <strong>Alhambra<\/strong>, eine St\u00e4tte des UNESCO-Welterbes.<\/li>\n<li>Wandern Sie durch das <strong>Albaic\u00edn<\/strong> und <strong>Sacromonte<\/strong> Stadtteile mit wei\u00df get\u00fcnchten H\u00e4usern und Flamenco-H\u00f6hlen.<\/li>\n<li>Genie\u00dfen Sie kostenlose Tapas zu jedem Getr\u00e4nk - eine Tradition in Granada!<\/li>\n<li>Beobachten Sie den Sonnenuntergang von <strong>Aussichtspunkt von San Nicol\u00e1s<\/strong>, einer der ber\u00fchmtesten Ansichten Spaniens.<\/li>\n<li>Erleben Sie pulsierende Feste wie <strong>Fronleichnam<\/strong> oder lokale Flamenco-Abende in versteckten Tavernen.<\/li>\n<\/ul>\n<p style=\"text-align: justify;\">Granada\u2019s unique atmosphere \u2014 a mix of <strong>Arabisches Erbe, spanische Tradition und jugendliche Energie<\/strong> - macht es zu einem unvergesslichen Ziel f\u00fcr Spanischlernende.<\/p>\n<blockquote>\n<p style=\"text-align: justify;\">Study Spanish surrounded by history, mountains, and friendly locals \u2014 and live an experience you\u2019ll never forget.\u00a0Learn Spanish and immerse yourself in Granada\u2019s rich history and culture \u2014 every street, tapas bar, and historic monument gives you the chance to practice the language, experience Andalusian traditions, and make every moment unforgettable.<\/p>\n<\/blockquote>\n\n\t\t<\/div>\n\t<\/div>\n<section class=\"vc_cta3-container\"><div class=\"vc_general vc_do_cta3 vc_cta3 vc_cta3-style-outline vc_cta3-shape-rounded vc_cta3-align-left vc_cta3-color-classic vc_cta3-icon-size-md vc_cta3-icons-left vc_cta3-actions-right\"><div class=\"vc_cta3-icons\"><div class=\"vc_icon_element vc_icon_element-outer vc_do_icon vc_icon_element-align-left\"><div class=\"vc_icon_element-inner vc_icon_element-color-turquoise vc_icon_element-size-md vc_icon_element-style- vc_icon_element-background-color-grey\" ><span class=\"vc_icon_element-icon fa fa-solid fa-arrow-right-from-bracket\" ><\/span><\/div><\/div><\/div><div class=\"vc_cta3_content-container\"><div class=\"vc_cta3-content\"><header class=\"vc_cta3-content-header\"><h2>Beginnen Sie Ihre Spanischreise in Granada noch heute!<\/h2><\/header><p style=\"text-align: justify;\">Egal, ob Sie als Erwachsener auf der Suche nach einem umfassenden Lernangebot sind oder als Jugendlicher einen sicheren und inspirierenden Sommer im Ausland verbringen m\u00f6chten, <strong>Granada offers the perfect combination of language, culture, and fun<\/strong>.<\/p>\n<\/div><div class=\"vc_cta3-actions\"><div class=\"vc_btn3-container vc_btn3-inline vc_do_btn\" ><a class=\"vc_general vc_btn3 vc_btn3-size-md vc_btn3-shape-rounded vc_btn3-style-modern vc_btn3-color-info\" href=\"https:\/\/holaspain.agency\/de\/#contact\" title=\"\">Erreichen Sie uns heute<\/a><\/div><\/div><\/div><\/div><\/section><\/div><\/div><\/div><\/div>\n<\/div>","protected":false},"excerpt":{"rendered":"<p>Lernen Sie Spanisch in Granada, wo maurisches Erbe auf modernen Trubel trifft. Mit tollen Schulen, der Alhambra und einer lebendigen Studentenszene ist die Stadt ideal f\u00fcr Sprachsch\u00fcler.<\/p>","protected":false},"author":1,"featured_media":1822,"parent":0,"menu_order":0,"comment_status":"closed","ping_status":"closed","template":"","meta":{"_seopress_robots_primary_cat":"","_seopress_titles_title":"Hola Spain %%sep%% %%post_title%%","_seopress_titles_desc":"Learn Spanish in Granada \u2014 immerse yourself in history, culture, and the Sierra Nevada mountains while practicing the language every day.","_seopress_robots_index":"","_daextam_enable_autolinks":"1","footnotes":""},"categories":[54,53],"tags":[],"class_list":["post-1223","page","type-page","status-publish","has-post-thumbnail","hentry","category-andalucia","category-spanish-schools"],"_links":{"self":[{"href":"https:\/\/holaspain.agency\/de\/wp-json\/wp\/v2\/pages\/1223","targetHints":{"allow":["GET"]}}],"collection":[{"href":"https:\/\/holaspain.agency\/de\/wp-json\/wp\/v2\/pages"}],"about":[{"href":"https:\/\/holaspain.agency\/de\/wp-json\/wp\/v2\/types\/page"}],"author":[{"embeddable":true,"href":"https:\/\/holaspain.agency\/de\/wp-json\/wp\/v2\/users\/1"}],"replies":[{"embeddable":true,"href":"https:\/\/holaspain.agency\/de\/wp-json\/wp\/v2\/comments?post=1223"}],"version-history":[{"count":7,"href":"https:\/\/holaspain.agency\/de\/wp-json\/wp\/v2\/pages\/1223\/revisions"}],"predecessor-version":[{"id":2337,"href":"https:\/\/holaspain.agency\/de\/wp-json\/wp\/v2\/pages\/1223\/revisions\/2337"}],"wp:featuredmedia":[{"embeddable":true,"href":"https:\/\/holaspain.agency\/de\/wp-json\/wp\/v2\/media\/1822"}],"wp:attachment":[{"href":"https:\/\/holaspain.agency\/de\/wp-json\/wp\/v2\/media?parent=1223"}],"wp:term":[{"taxonomy":"category","embeddable":true,"href":"https:\/\/holaspain.agency\/de\/wp-json\/wp\/v2\/categories?post=1223"},{"taxonomy":"post_tag","embeddable":true,"href":"https:\/\/holaspain.agency\/de\/wp-json\/wp\/v2\/tags?post=1223"}],"curies":[{"name":"wp","href":"https:\/\/api.w.org\/{rel}","templated":true}]}}