{"id":1209,"date":"2016-09-05T20:12:29","date_gmt":"2016-09-05T20:12:29","guid":{"rendered":"http:\/\/demos.famethemes.com\/screenr-plus\/?page_id=18"},"modified":"2025-11-05T11:41:18","modified_gmt":"2025-11-05T11:41:18","slug":"kulturelle-immersionserfahrungen","status":"publish","type":"page","link":"https:\/\/holaspain.agency\/de\/cultural-immersion-experiences\/","title":{"rendered":"Kulturelles Eintauchen &amp; Erlebnisse"},"content":{"rendered":"<div class=\"wpb-content-wrapper\"><div class=\"vc_row wpb_row vc_row-fluid\"><div class=\"wpb_column vc_column_container vc_col-sm-12\"><div class=\"vc_column-inner\"><div class=\"wpb_wrapper\">\n\t<div class=\"wpb_text_column wpb_content_element\" >\n\t\t<div class=\"wpb_wrapper\">\n\t\t\t<h1 style=\"text-align: justify;\" data-pm-slice=\"0 0 &#091;&#093;\">Erleben Sie die spanische Sprache und Kultur<\/h1>\n<p style=\"text-align: justify;\" data-pm-slice=\"0 0 &#091;&#093;\">Erleben Sie die <a href=\"https:\/\/holaspain.agency\/de\/spanisch-sprachkurse\/\">Spanische Sprache<\/a> und Kultur wie nie zuvor mit HolaSpain. Unsere Programme kombinieren Bildung, Abenteuer und authentische Erfahrungen vor Ort. Sie wurden f\u00fcr irische Sch\u00fcler und Erwachsene entwickelt, die Spanisch lernen und dabei die Sprache wirklich leben m\u00f6chten.<\/p>\n<h2 style=\"text-align: justify;\" data-pm-slice=\"0 0 &#091;&#093;\">Immersives Spanischlernen<\/h2>\n<p style=\"text-align: justify;\" data-pm-slice=\"0 0 &#091;&#093;\">Spanisch lernen geht \u00fcber das Klassenzimmer hinaus. Die Sch\u00fcler nehmen an spannenden kulturellen Aktivit\u00e4ten wie Stadtf\u00fchrungen, Besichtigungen historischer St\u00e4tten, lokalen Festen und interaktiven Workshops teil. Diese Erfahrungen erm\u00f6glichen es den Lernenden, Spanisch in realen Situationen anzuwenden und gleichzeitig die reichen Traditionen und Br\u00e4uche Spaniens zu entdecken.<\/p>\n<h2 style=\"text-align: justify;\" data-pm-slice=\"0 0 &#091;&#093;\">Exkursionen und Aktivit\u00e4ten<\/h2>\n<p style=\"text-align: justify;\" data-pm-slice=\"0 0 &#091;&#093;\">Unsere Programme umfassen sorgf\u00e4ltig geplante Ausfl\u00fcge und Aktivit\u00e4ten, die auf jede Gruppe zugeschnitten sind. Von Flamenco- und Kochworkshops bis hin zu Sport, Kunstprojekten und lokalen Veranstaltungen lernen die Sch\u00fcler die spanische Kultur hautnah kennen. Diese Aktivit\u00e4ten f\u00f6rdern die Interaktion mit den lokalen Gemeinschaften und helfen den Lernenden, die Sprache auch au\u00dferhalb des Klassenzimmers sicher anzuwenden.<\/p>\n<h3 style=\"text-align: justify;\" data-pm-slice=\"0 0 &#091;&#093;\">Lernen durch reale Erlebnisse<\/h3>\n<p style=\"text-align: justify;\" data-pm-slice=\"0 0 &#091;&#093;\">Jede Aktivit\u00e4t ist so konzipiert, dass das Erlernen der Sprache Spa\u00df macht, praktisch und sinnvoll ist. Die Sch\u00fcler nehmen an Rollenspielen, Probleml\u00f6sungs- und Teamwork\u00fcbungen teil, die ihre Spanischkenntnisse verbessern und gleichzeitig die lokale Kultur erkunden. Diese immersiven Erfahrungen schaffen eine dynamische Umgebung, in der die Lernenden die Sprache mit dem t\u00e4glichen Leben verbinden.<\/p>\n<h3 style=\"text-align: justify;\" data-pm-slice=\"0 0 &#091;&#093;\">Warum HolaSpain f\u00fcr ein kulturelles Eintauchen w\u00e4hlen?<\/h3>\n<ul style=\"text-align: justify;\">\n<li style=\"text-align: justify;\" data-pm-slice=\"0 0 &#091;&#093;\">Umfassende Programme f\u00fcr irische Sch\u00fcler und Erwachsene<\/li>\n<li style=\"text-align: justify;\" data-pm-slice=\"0 0 &#091;&#093;\">Erfahrene einheimische Lehrer und lokale F\u00fchrer<\/li>\n<li style=\"text-align: justify;\" data-pm-slice=\"0 0 &#091;&#093;\">Kombination von Lernen im Klassenzimmer und kulturellen Erfahrungen im wirklichen Leben<\/li>\n<li style=\"text-align: justify;\" data-pm-slice=\"0 0 &#091;&#093;\">Sichere, unterst\u00fctzende und ansprechende Lernumgebungen<\/li>\n<li style=\"text-align: justify;\" data-pm-slice=\"0 0 &#091;&#093;\">M\u00f6glichkeiten, Spanien zu erkunden und lebenslange Erinnerungen zu schaffen<\/li>\n<\/ul>\n\n\t\t<\/div>\n\t<\/div>\n<section class=\"vc_cta3-container\"><div class=\"vc_general vc_do_cta3 vc_cta3 vc_cta3-style-outline vc_cta3-shape-rounded vc_cta3-align-left vc_cta3-color-classic vc_cta3-icon-size-md vc_cta3-icons-left vc_cta3-actions-right\"><div class=\"vc_cta3-icons\"><div class=\"vc_icon_element vc_icon_element-outer vc_do_icon vc_icon_element-align-left\"><div class=\"vc_icon_element-inner vc_icon_element-color-turquoise vc_icon_element-size-md vc_icon_element-style- vc_icon_element-background-color-grey\" ><span class=\"vc_icon_element-icon fa fa-solid fa-arrow-right-from-bracket\" ><\/span><\/div><\/div><\/div><div class=\"vc_cta3_content-container\"><div class=\"vc_cta3-content\"><header class=\"vc_cta3-content-header\"><h2>Beginnen Sie Ihr spanisches Abenteuer noch heute!<\/h2><\/header><p>Haben Sie Fragen oder m\u00f6chten Sie den perfekten Spanischkurs finden? Kontaktieren Sie HolaSpain noch heute und lassen Sie uns Ihnen bei der Planung Ihrer Lernerfahrung in Spanien helfen.<\/p>\n<\/div><div class=\"vc_cta3-actions\"><div class=\"vc_btn3-container vc_btn3-inline vc_do_btn\" ><a class=\"vc_general vc_btn3 vc_btn3-size-md vc_btn3-shape-rounded vc_btn3-style-modern vc_btn3-color-info\" href=\"https:\/\/holaspain.agency\/de\/#contact\" title=\"\">Erreichen Sie uns heute<\/a><\/div><\/div><\/div><\/div><\/section><\/div><\/div><\/div><\/div>\n<\/div>","protected":false},"excerpt":{"rendered":"<p>Unsere Programme kombinieren Bildung, Abenteuer und authentische Erfahrungen vor Ort und richten sich an Jugendliche und Erwachsene, die Spanisch lernen und gleichzeitig leben wollen.<\/p>","protected":false},"author":1,"featured_media":1317,"parent":0,"menu_order":0,"comment_status":"closed","ping_status":"closed","template":"","meta":{"_seopress_robots_primary_cat":"","_seopress_titles_title":"%%sitetitle%% %%sep%% Cultural Immersion","_seopress_titles_desc":"Experience Spanish language and culture with HolaSpain through immersive activities, excursions, and interactive learning for Irish students and adults.","_seopress_robots_index":"","_daextam_enable_autolinks":"","footnotes":""},"categories":[61],"tags":[],"class_list":["post-1209","page","type-page","status-publish","has-post-thumbnail","hentry","category-services"],"_links":{"self":[{"href":"https:\/\/holaspain.agency\/de\/wp-json\/wp\/v2\/pages\/1209","targetHints":{"allow":["GET"]}}],"collection":[{"href":"https:\/\/holaspain.agency\/de\/wp-json\/wp\/v2\/pages"}],"about":[{"href":"https:\/\/holaspain.agency\/de\/wp-json\/wp\/v2\/types\/page"}],"author":[{"embeddable":true,"href":"https:\/\/holaspain.agency\/de\/wp-json\/wp\/v2\/users\/1"}],"replies":[{"embeddable":true,"href":"https:\/\/holaspain.agency\/de\/wp-json\/wp\/v2\/comments?post=1209"}],"version-history":[{"count":10,"href":"https:\/\/holaspain.agency\/de\/wp-json\/wp\/v2\/pages\/1209\/revisions"}],"predecessor-version":[{"id":1329,"href":"https:\/\/holaspain.agency\/de\/wp-json\/wp\/v2\/pages\/1209\/revisions\/1329"}],"wp:featuredmedia":[{"embeddable":true,"href":"https:\/\/holaspain.agency\/de\/wp-json\/wp\/v2\/media\/1317"}],"wp:attachment":[{"href":"https:\/\/holaspain.agency\/de\/wp-json\/wp\/v2\/media?parent=1209"}],"wp:term":[{"taxonomy":"category","embeddable":true,"href":"https:\/\/holaspain.agency\/de\/wp-json\/wp\/v2\/categories?post=1209"},{"taxonomy":"post_tag","embeddable":true,"href":"https:\/\/holaspain.agency\/de\/wp-json\/wp\/v2\/tags?post=1209"}],"curies":[{"name":"wp","href":"https:\/\/api.w.org\/{rel}","templated":true}]}}