{"id":1208,"date":"2016-09-05T20:07:42","date_gmt":"2016-09-05T20:07:42","guid":{"rendered":"http:\/\/demos.famethemes.com\/screenr-plus\/?page_id=16"},"modified":"2025-11-17T13:39:03","modified_gmt":"2025-11-17T13:39:03","slug":"spanische-sprachprogramme","status":"publish","type":"page","link":"https:\/\/holaspain.agency\/de\/spanish-language-programmes\/","title":{"rendered":"Spanische Sprachprogramme"},"content":{"rendered":"<div class=\"wpb-content-wrapper\"><div class=\"vc_row wpb_row vc_row-fluid\"><div class=\"wpb_column vc_column_container vc_col-sm-12\"><div class=\"vc_column-inner\"><div class=\"wpb_wrapper\">\n\t<div class=\"wpb_text_column wpb_content_element\" >\n\t\t<div class=\"wpb_wrapper\">\n\t\t\t<h1 style=\"text-align: justify;\">Spanisch lernen im Ausland<\/h1>\n<h2 style=\"text-align: justify;\">Spanischkurse in Spanien f\u00fcr Erwachsene<\/h2>\n<p style=\"text-align: justify;\">Erwachsene k\u00f6nnen sich f\u00fcr Spanisch-Intensivkurse in Spanien anmelden, um ihr Lernen zu beschleunigen. Die Klassen werden von erfahrenen muttersprachlichen Lehrern unterrichtet, und die Programme von HolaSpain sind ansprechend und interaktiv und kombinieren strukturierte Lektionen mit praktischen Konversations\u00fcbungen f\u00fcr die Anwendung der Sprache in der Praxis. Ganz gleich, ob Ihr Ziel darin besteht, Ihre Sprachkenntnisse zu verbessern, Ihr Selbstvertrauen zu st\u00e4rken oder sich auf berufliche Chancen vorzubereiten, unsere Erwachsenenkurse bieten die ideale Umgebung, um Ihre Ziele zu erreichen.<\/p>\n<p style=\"text-align: justify;\">Unsere Erwachsenenkurse umfassen Intensivprogramme, konversationsorientierte Kurse und DELE-Pr\u00fcfungsvorbereitungen, um den Bed\u00fcrfnissen aller Lernenden gerecht zu werden. Die Teilnehmer k\u00f6nnen von kulturellen Aktivit\u00e4ten, gef\u00fchrten Ausfl\u00fcgen und interaktiven Erfahrungen profitieren, die das Lernen verbessern. HolaSpain kombiniert qualitativ hochwertigen Unterricht mit ansprechenden Programmen, um sicherzustellen, dass Erwachsene schnell Fortschritte machen und gleichzeitig die spanische Kultur in vollem Umfang erleben.<\/p>\n<h2 style=\"text-align: justify;\">Spanischkurse in Spanien f\u00fcr Teenager<\/h2>\n<p style=\"text-align: justify;\">Teenager k\u00f6nnen sich f\u00fcr Spanischkurse in Spanien anmelden, um ihre Sprachkenntnisse zu verbessern und gleichzeitig Spa\u00df zu haben und die lokale Kultur zu erkunden. Die Programme von HolaSpain sind dynamisch und interaktiv und kombinieren strukturierten Unterricht mit Spielen, Gruppenaktivit\u00e4ten und Konversations\u00fcbungen, die das Lernen angenehm machen. Ob im Einzelunterricht, in Schulgruppen oder in Sommercamps, unsere Kurse helfen Jugendlichen, Selbstvertrauen zu gewinnen und Spanisch flie\u00dfend zu sprechen.<\/p>\n<p style=\"text-align: justify;\">Zu den Kursen f\u00fcr Jugendliche geh\u00f6ren Spanisch-Sommercamps, Gruppenprogramme f\u00fcr Oberstufensch\u00fcler und Intensivkurse, die auf verschiedene Niveaus zugeschnitten sind. Die Sch\u00fcler nehmen am interaktiven Unterricht mit muttersprachlichen Lehrern teil und profitieren von kulturellen Ausfl\u00fcgen und spannenden Aktivit\u00e4ten. HolaSpain stellt sicher, dass die Jugendlichen Fortschritte in ihrem Spanisch machen und gleichzeitig eine unvergessliche und kulturell reiche Erfahrung machen.<\/p>\n<h3 style=\"text-align: justify;\">Beste Spanischkurse in Spanien<\/h3>\n<p style=\"text-align: justify;\">HolaSpain arbeitet mit f\u00fchrenden spanischen Sprachschulen in ganz Spanien zusammen, um qualitativ hochwertige Kurse, muttersprachliche Lehrer und ein vollst\u00e4ndiges Eintauchen in die Kultur anzubieten. Entdecken Sie, warum Spanisch lernen mit uns der effektivste und angenehmste Weg ist, um die Sprache zu beherrschen.<\/p>\n<h3 style=\"text-align: justify;\">Spanische Sprachprogramme in den wichtigsten spanischen Reisezielen<\/h3>\n<p style=\"text-align: justify;\">Wir bieten Schulen und Programme in Madrid, Barcelona, Valencia, Seville, Malaga, Salamanca, Granada und Alicante an. Jede Stadt bietet eine einzigartige Umgebung, von pulsierenden Stadtzentren und historischen St\u00e4tten bis hin zu Str\u00e4nden und kulturellen Vierteln. Das Studium der spanischen Sprache an diesen Orten erm\u00f6glicht es den Sch\u00fclern, in die Sprache einzutauchen, in realen Situationen zu \u00fcben und eine Vielzahl von kulturellen Aktivit\u00e4ten und Ausfl\u00fcgen au\u00dferhalb des Klassenzimmers zu genie\u00dfen.<\/p>\n\n\t\t<\/div>\n\t<\/div>\n\n<div class=\"vc_grid-container-wrapper vc_clearfix vc_grid-animation-zoomIn\">\n\t<div class=\"vc_grid-container vc_clearfix wpb_content_element vc_masonry_grid\" data-initial-loading-animation=\"zoomIn\" data-vc-grid-settings=\"{&quot;page_id&quot;:1208,&quot;style&quot;:&quot;all-masonry&quot;,&quot;action&quot;:&quot;vc_get_vc_grid_data&quot;,&quot;shortcode_id&quot;:&quot;1763386692637-e3ba8c13-999a-6&quot;,&quot;tag&quot;:&quot;vc_masonry_grid&quot;}\" data-vc-request=\"https:\/\/holaspain.agency\/wp-admin\/admin-ajax.php\" data-vc-post-id=\"1208\" data-vc-public-nonce=\"9ffa800287\">\n\t\t\n\t<\/div>\n<\/div><section class=\"vc_cta3-container\"><div class=\"vc_general vc_do_cta3 vc_cta3 vc_cta3-style-outline vc_cta3-shape-rounded vc_cta3-align-left vc_cta3-color-classic vc_cta3-icon-size-md vc_cta3-icons-left vc_cta3-actions-right\"><div class=\"vc_cta3-icons\"><div class=\"vc_icon_element vc_icon_element-outer vc_do_icon vc_icon_element-align-left\"><div class=\"vc_icon_element-inner vc_icon_element-color-turquoise vc_icon_element-size-md vc_icon_element-style- vc_icon_element-background-color-grey\" ><span class=\"vc_icon_element-icon fa fa-solid fa-arrow-right-from-bracket\" ><\/span><\/div><\/div><\/div><div class=\"vc_cta3_content-container\"><div class=\"vc_cta3-content\"><header class=\"vc_cta3-content-header\"><h2>Beginnen Sie Ihr spanisches Abenteuer noch heute!<\/h2><\/header><p>Haben Sie Fragen oder m\u00f6chten Sie den perfekten Spanischkurs finden? Kontaktieren Sie HolaSpain noch heute und lassen Sie uns Ihnen bei der Planung Ihrer Lernerfahrung in Spanien helfen.<\/p>\n<\/div><div class=\"vc_cta3-actions\"><div class=\"vc_btn3-container vc_btn3-inline vc_do_btn\" ><a class=\"vc_general vc_btn3 vc_btn3-size-md vc_btn3-shape-rounded vc_btn3-style-modern vc_btn3-color-info\" href=\"https:\/\/holaspain.agency\/de\/#contact\" title=\"\">Erreichen Sie uns heute<\/a><\/div><\/div><\/div><\/div><\/section><\/div><\/div><\/div><\/div><div class=\"vc_row wpb_row vc_row-fluid\"><div class=\"wpb_column vc_column_container vc_col-sm-12\"><div class=\"vc_column-inner\"><div class=\"wpb_wrapper\"><\/div><\/div><\/div><\/div>\n<\/div>","protected":false},"excerpt":{"rendered":"<p>HolaSpain bietet Spanischkurse f\u00fcr Jugendliche, Erwachsene, Highschool-Gruppen und Schulklassen an. Die Kurse sind so gestaltet, dass sie ansprechend, interaktiv und effektiv sind.<\/p>","protected":false},"author":1,"featured_media":1266,"parent":0,"menu_order":0,"comment_status":"closed","ping_status":"closed","template":"","meta":{"_seopress_robots_primary_cat":"","_seopress_titles_title":"%%sitetitle%% %%sep%% %%post_title%%","_seopress_titles_desc":"Spanish language courses in Spain for adults and teenagers. Intensive programmes, DELE prep, summer camps, and interactive learning experiences.","_seopress_robots_index":"","_daextam_enable_autolinks":"1","footnotes":""},"categories":[61],"tags":[],"class_list":["post-1208","page","type-page","status-publish","has-post-thumbnail","hentry","category-services"],"_links":{"self":[{"href":"https:\/\/holaspain.agency\/de\/wp-json\/wp\/v2\/pages\/1208","targetHints":{"allow":["GET"]}}],"collection":[{"href":"https:\/\/holaspain.agency\/de\/wp-json\/wp\/v2\/pages"}],"about":[{"href":"https:\/\/holaspain.agency\/de\/wp-json\/wp\/v2\/types\/page"}],"author":[{"embeddable":true,"href":"https:\/\/holaspain.agency\/de\/wp-json\/wp\/v2\/users\/1"}],"replies":[{"embeddable":true,"href":"https:\/\/holaspain.agency\/de\/wp-json\/wp\/v2\/comments?post=1208"}],"version-history":[{"count":20,"href":"https:\/\/holaspain.agency\/de\/wp-json\/wp\/v2\/pages\/1208\/revisions"}],"predecessor-version":[{"id":2200,"href":"https:\/\/holaspain.agency\/de\/wp-json\/wp\/v2\/pages\/1208\/revisions\/2200"}],"wp:featuredmedia":[{"embeddable":true,"href":"https:\/\/holaspain.agency\/de\/wp-json\/wp\/v2\/media\/1266"}],"wp:attachment":[{"href":"https:\/\/holaspain.agency\/de\/wp-json\/wp\/v2\/media?parent=1208"}],"wp:term":[{"taxonomy":"category","embeddable":true,"href":"https:\/\/holaspain.agency\/de\/wp-json\/wp\/v2\/categories?post=1208"},{"taxonomy":"post_tag","embeddable":true,"href":"https:\/\/holaspain.agency\/de\/wp-json\/wp\/v2\/tags?post=1208"}],"curies":[{"name":"wp","href":"https:\/\/api.w.org\/{rel}","templated":true}]}}