{"id":1207,"date":"2016-09-05T20:01:09","date_gmt":"2016-09-05T20:01:09","guid":{"rendered":"http:\/\/demos.famethemes.com\/screenr-plus\/?page_id=15"},"modified":"2025-11-06T09:58:54","modified_gmt":"2025-11-06T09:58:54","slug":"konzipiert-fur-jeden-lernenden","status":"publish","type":"page","link":"https:\/\/holaspain.agency\/de\/designed-for-every-learner\/","title":{"rendered":"Konzipiert f\u00fcr jeden Lernenden"},"content":{"rendered":"<div class=\"wpb-content-wrapper\"><div class=\"vc_row wpb_row vc_row-fluid\"><div class=\"wpb_column vc_column_container vc_col-sm-12\"><div class=\"vc_column-inner\"><div class=\"wpb_wrapper\">\n\t<div class=\"wpb_text_column wpb_content_element\" >\n\t\t<div class=\"wpb_wrapper\">\n\t\t\t<h1 style=\"text-align: justify;\">Spanischkurse f\u00fcr jeden Lernenden<\/h1>\n<p style=\"text-align: justify;\">Ob Sie Anf\u00e4nger oder Fortgeschrittener sind, unsere <strong>Spanischkurse f\u00fcr Jugendliche und Erwachsene<\/strong> sind auf Ihre individuellen Lernziele zugeschnitten. Jedes Programm ist sorgf\u00e4ltig strukturiert, um interaktive Lektionen mit praktischen Erfahrungen zu kombinieren und sicherzustellen, dass sich Ihre Spanischkenntnisse schnell und sicher verbessern.<\/p>\n<h2 style=\"text-align: justify;\">Ma\u00dfgeschneiderte Programme<\/h2>\n<p style=\"text-align: justify;\">Unsere Kurse sind f\u00fcr alle Niveaus und Altersgruppen geeignet. Von Anf\u00e4ngern, die ihre ersten Schritte in der spanischen Sprache machen, bis hin zu Fortgeschrittenen, die flie\u00dfend Spanisch sprechen m\u00f6chten, bieten wir Programme an, die Ihren F\u00e4higkeiten und Ihrem Lernstil entsprechen.<\/p>\n<h2 style=\"text-align: justify;\">Flexible Lernoptionen<\/h2>\n<p style=\"text-align: justify;\">W\u00e4hlen Sie zwischen Kurzzeitkursen, Sommerprogrammen oder Langzeitaufenthalten. Unser flexibler Ansatz erm\u00f6glicht es Ihnen, in Ihrem eigenen Tempo zu lernen und gleichzeitig die Kultur und den Lebensstil Spaniens zu genie\u00dfen.<\/p>\n<h2 style=\"text-align: justify;\">Praktische Erfahrung<\/h2>\n<p style=\"text-align: justify;\">Wir kombinieren den Unterricht im Klassenzimmer mit Erfahrungen aus dem wirklichen Leben - von kulturellen Exkursionen bis hin zu sozialen Interaktionen mit Muttersprachlern - und helfen Ihnen, das Gelernte in authentischen Situationen anzuwenden und Selbstvertrauen im Sprechen der spanischen Sprache zu gewinnen.<\/p>\n<p style=\"text-align: justify;\"><strong>Finden Sie den f\u00fcr Sie passenden Kurs und beginnen Sie noch heute Ihre Reise zum flie\u00dfenden Sprechen in Spanien!<\/strong><\/p>\n\n\t\t<\/div>\n\t<\/div>\n<section class=\"vc_cta3-container\"><div class=\"vc_general vc_do_cta3 vc_cta3 vc_cta3-style-outline vc_cta3-shape-rounded vc_cta3-align-left vc_cta3-color-classic vc_cta3-icon-size-md vc_cta3-icons-left vc_cta3-actions-right\"><div class=\"vc_cta3-icons\"><div class=\"vc_icon_element vc_icon_element-outer vc_do_icon vc_icon_element-align-left\"><div class=\"vc_icon_element-inner vc_icon_element-color-turquoise vc_icon_element-size-md vc_icon_element-style- vc_icon_element-background-color-grey\" ><span class=\"vc_icon_element-icon fa fa-solid fa-arrow-right-from-bracket\" ><\/span><\/div><\/div><\/div><div class=\"vc_cta3_content-container\"><div class=\"vc_cta3-content\"><header class=\"vc_cta3-content-header\"><h2>Beginnen Sie Ihr spanisches Abenteuer noch heute!<\/h2><\/header><p>Haben Sie Fragen oder m\u00f6chten Sie den perfekten Spanischkurs finden? Kontaktieren Sie HolaSpain noch heute und lassen Sie uns Ihnen bei der Planung Ihrer Lernerfahrung in Spanien helfen.<\/p>\n<\/div><div class=\"vc_cta3-actions\"><div class=\"vc_btn3-container vc_btn3-inline vc_do_btn\" ><a class=\"vc_general vc_btn3 vc_btn3-size-md vc_btn3-shape-rounded vc_btn3-style-modern vc_btn3-color-info\" href=\"https:\/\/holaspain.agency\/de\/#contact\" title=\"\">Erreichen Sie uns heute<\/a><\/div><\/div><\/div><\/div><\/section><\/div><\/div><\/div><\/div>\n<\/div>","protected":false},"excerpt":{"rendered":"<p>Ma\u00dfgeschneiderte Programme f\u00fcr alle Altersgruppen und Niveaus - egal ob Sie Anf\u00e4nger oder flie\u00dfend sprechen, wir machen das Spanischlernen f\u00fcr jeden interessant und effektiv.<\/p>","protected":false},"author":1,"featured_media":1402,"parent":0,"menu_order":0,"comment_status":"closed","ping_status":"closed","template":"","meta":{"_seopress_robots_primary_cat":"","_seopress_titles_title":"Hola Spain %%sep%% %%post_title%%","_seopress_titles_desc":"","_seopress_robots_index":"","_daextam_enable_autolinks":"","footnotes":""},"categories":[],"tags":[],"class_list":["post-1207","page","type-page","status-publish","has-post-thumbnail","hentry"],"_links":{"self":[{"href":"https:\/\/holaspain.agency\/de\/wp-json\/wp\/v2\/pages\/1207","targetHints":{"allow":["GET"]}}],"collection":[{"href":"https:\/\/holaspain.agency\/de\/wp-json\/wp\/v2\/pages"}],"about":[{"href":"https:\/\/holaspain.agency\/de\/wp-json\/wp\/v2\/types\/page"}],"author":[{"embeddable":true,"href":"https:\/\/holaspain.agency\/de\/wp-json\/wp\/v2\/users\/1"}],"replies":[{"embeddable":true,"href":"https:\/\/holaspain.agency\/de\/wp-json\/wp\/v2\/comments?post=1207"}],"version-history":[{"count":8,"href":"https:\/\/holaspain.agency\/de\/wp-json\/wp\/v2\/pages\/1207\/revisions"}],"predecessor-version":[{"id":2026,"href":"https:\/\/holaspain.agency\/de\/wp-json\/wp\/v2\/pages\/1207\/revisions\/2026"}],"wp:featuredmedia":[{"embeddable":true,"href":"https:\/\/holaspain.agency\/de\/wp-json\/wp\/v2\/media\/1402"}],"wp:attachment":[{"href":"https:\/\/holaspain.agency\/de\/wp-json\/wp\/v2\/media?parent=1207"}],"wp:term":[{"taxonomy":"category","embeddable":true,"href":"https:\/\/holaspain.agency\/de\/wp-json\/wp\/v2\/categories?post=1207"},{"taxonomy":"post_tag","embeddable":true,"href":"https:\/\/holaspain.agency\/de\/wp-json\/wp\/v2\/tags?post=1207"}],"curies":[{"name":"wp","href":"https:\/\/api.w.org\/{rel}","templated":true}]}}