{"id":1206,"date":"2016-09-05T20:00:36","date_gmt":"2016-09-05T20:00:36","guid":{"rendered":"http:\/\/demos.famethemes.com\/screenr-plus\/?page_id=14"},"modified":"2025-10-19T13:07:05","modified_gmt":"2025-10-19T13:07:05","slug":"entdecken-verbinden-und-wachsen","status":"publish","type":"page","link":"https:\/\/holaspain.agency\/de\/discover-connect-and-grow\/","title":{"rendered":"Entdecken, verbinden und wachsen"},"content":{"rendered":"<div class=\"wpb-content-wrapper\"><div class=\"vc_row wpb_row vc_row-fluid\"><div class=\"wpb_column vc_column_container vc_col-sm-12\"><div class=\"vc_column-inner\"><div class=\"wpb_wrapper\">\n\t<div class=\"wpb_text_column wpb_content_element\" >\n\t\t<div class=\"wpb_wrapper\">\n\t\t\t<h1 style=\"text-align: justify;\">Entdecken, Kontakte kn\u00fcpfen und wachsen in Spanien<\/h1>\n<p style=\"text-align: justify;\">Tauchen Sie in das spanische Leben ein und lernen Sie gleichzeitig die Sprache. Jeder Tag bietet Gelegenheit zu <strong>Verbindung mit Einheimischen<\/strong>, Sie lernen reiche Traditionen kennen und entwickeln sich pers\u00f6nlich und akademisch weiter. Unsere Programme sind so konzipiert, dass sie Sch\u00fclern aller Altersgruppen helfen, die Sprache zu leben, sinnvolle Verbindungen zu kn\u00fcpfen und Vertrauen in ihre Spanischkenntnisse zu gewinnen.<\/p>\n<h2 style=\"text-align: justify;\">Verbindung mit Menschen<\/h2>\n<p style=\"text-align: justify;\">Treffen Sie Klassenkameraden aus der ganzen Welt und nehmen Sie an sozialen und kulturellen Aktivit\u00e4ten teil. Schlie\u00dfen Sie Freundschaften, die ein Leben lang halten, w\u00e4hrend Sie authentische spanische Erfahrungen in einer einladenden Gemeinschaft machen.<\/p>\n<h2 style=\"text-align: justify;\">Entdecken Sie die spanische Kultur<\/h2>\n<p style=\"text-align: justify;\">Von Flamenco-Workshops \u00fcber gef\u00fchrte Stadtbesichtigungen bis hin zu lokalen Festen tauchen Sie in die lebendigen Traditionen Spaniens ein. Jede Aktivit\u00e4t ist so konzipiert, dass sie Ihren Sprachunterricht erg\u00e4nzt und Ihr kulturelles Verst\u00e4ndnis vertieft.<\/p>\n<h2 style=\"text-align: justify;\">Erweitern Sie Ihre Sprachkenntnisse<\/h2>\n<p style=\"text-align: justify;\">T\u00e4gliche Interaktion mit Muttersprachlern, strukturierter Unterricht und praktische \u00dcbungen sorgen f\u00fcr schnelle Fortschritte. Ob Sie Anf\u00e4nger oder Fortgeschrittener sind, unser <strong>Programme zum Erlernen der spanischen Sprache<\/strong> das Lernen ansprechend und effektiv zu gestalten.<\/p>\n<p style=\"text-align: justify;\"><strong>Beginnen Sie Ihr spanisches Abenteuer noch heute - leben, Kontakte kn\u00fcpfen und wachsen Sie in Spanien!<\/strong><\/p>\n\n\t\t<\/div>\n\t<\/div>\n<\/div><\/div><\/div><\/div>\n<\/div>","protected":false},"excerpt":{"rendered":"<p>Entdecken Sie neue Kulturen, bauen Sie dauerhafte Beziehungen auf und erweitern Sie Ihre Sprachkenntnisse durch intensive Lernerfahrungen in Spanisch.<\/p>","protected":false},"author":1,"featured_media":1394,"parent":0,"menu_order":0,"comment_status":"closed","ping_status":"closed","template":"","meta":{"_seopress_robots_primary_cat":"","_seopress_titles_title":"Hola Spain %%sep%% Spanish Immersion Programmes in Spain","_seopress_titles_desc":"Explore Spanish immersion programmes that combine language learning, culture, and travel. Study Spanish in Spain and live an unforgettable adventure.","_seopress_robots_index":"","_daextam_enable_autolinks":"","footnotes":""},"categories":[],"tags":[],"class_list":["post-1206","page","type-page","status-publish","has-post-thumbnail","hentry"],"_links":{"self":[{"href":"https:\/\/holaspain.agency\/de\/wp-json\/wp\/v2\/pages\/1206","targetHints":{"allow":["GET"]}}],"collection":[{"href":"https:\/\/holaspain.agency\/de\/wp-json\/wp\/v2\/pages"}],"about":[{"href":"https:\/\/holaspain.agency\/de\/wp-json\/wp\/v2\/types\/page"}],"author":[{"embeddable":true,"href":"https:\/\/holaspain.agency\/de\/wp-json\/wp\/v2\/users\/1"}],"replies":[{"embeddable":true,"href":"https:\/\/holaspain.agency\/de\/wp-json\/wp\/v2\/comments?post=1206"}],"version-history":[{"count":8,"href":"https:\/\/holaspain.agency\/de\/wp-json\/wp\/v2\/pages\/1206\/revisions"}],"predecessor-version":[{"id":1401,"href":"https:\/\/holaspain.agency\/de\/wp-json\/wp\/v2\/pages\/1206\/revisions\/1401"}],"wp:featuredmedia":[{"embeddable":true,"href":"https:\/\/holaspain.agency\/de\/wp-json\/wp\/v2\/media\/1394"}],"wp:attachment":[{"href":"https:\/\/holaspain.agency\/de\/wp-json\/wp\/v2\/media?parent=1206"}],"wp:term":[{"taxonomy":"category","embeddable":true,"href":"https:\/\/holaspain.agency\/de\/wp-json\/wp\/v2\/categories?post=1206"},{"taxonomy":"post_tag","embeddable":true,"href":"https:\/\/holaspain.agency\/de\/wp-json\/wp\/v2\/tags?post=1206"}],"curies":[{"name":"wp","href":"https:\/\/api.w.org\/{rel}","templated":true}]}}