{"id":12,"date":"2016-09-05T19:52:33","date_gmt":"2016-09-05T19:52:33","guid":{"rendered":"http:\/\/demos.famethemes.com\/screenr-plus\/?page_id=12"},"modified":"2025-11-06T09:59:08","modified_gmt":"2025-11-06T09:59:08","slug":"spanisch-lernen-auf-die-richtige-art","status":"publish","type":"page","link":"https:\/\/holaspain.agency\/de\/learn-spanish-the-real-way\/","title":{"rendered":"Spanisch lernen auf die richtige Art"},"content":{"rendered":"<div class=\"wpb-content-wrapper\"><div class=\"vc_row wpb_row vc_row-fluid\"><div class=\"wpb_column vc_column_container vc_col-sm-12\"><div class=\"vc_column-inner\"><div class=\"wpb_wrapper\">\n\t<div class=\"wpb_text_column wpb_content_element\" >\n\t\t<div class=\"wpb_wrapper\">\n\t\t\t<h1 style=\"text-align: justify;\">Spanisch lernen auf die richtige Art<\/h1>\n<p style=\"text-align: justify;\">Tauchen Sie ein in das spanische Leben - \u00fcben Sie jeden Tag, leben Sie die Kultur und erlangen Sie echte Sprachkenntnisse \u00fcber das Klassenzimmer hinaus. Unsere Programme konzentrieren sich auf <strong>praktischer Sprachgebrauch<\/strong>, Sie helfen Ihnen, sich in allt\u00e4glichen Situationen sicher zu verst\u00e4ndigen, w\u00e4hrend Sie den authentischen spanischen Lebensstil kennenlernen.<\/p>\n<h2 style=\"text-align: justify;\">T\u00e4gliches Eintauchen f\u00fcr schnellen Fortschritt<\/h2>\n<p style=\"text-align: justify;\">Vom morgendlichen Unterricht bis zu den kulturellen Aktivit\u00e4ten am Nachmittag ist jeder Moment in Spanien eine Gelegenheit, Ihr Spanisch zu \u00fcben. Durch das t\u00e4gliche Sprechen mit Muttersprachlern lernen Sie schneller und gewinnen mehr Selbstvertrauen als bei herk\u00f6mmlichen Kursen, die nur im Klassenzimmer stattfinden.<\/p>\n<h2 style=\"text-align: justify;\">Die Kultur erleben<\/h2>\n<p style=\"text-align: justify;\">Entdecken Sie spanische Traditionen, die K\u00fcche, Feste und das lokale Leben. Unsere Programme verbinden kulturelle Erfahrungen mit dem Erlernen der Sprache und stellen sicher, dass Sie nicht nur Spanisch sprechen, sondern auch den Kontext und die Br\u00e4uche des Landes verstehen.<\/p>\n<h2 style=\"text-align: justify;\">Praktische Gel\u00e4ufigkeit \u00fcber das Klassenzimmer hinaus<\/h2>\n<p style=\"text-align: justify;\">Unser Ziel ist es, dass Sie <strong>Spanisch in realen Situationen anwenden<\/strong> - von der Bestellung in einem Caf\u00e9 \u00fcber die Navigation auf lokalen M\u00e4rkten bis hin zur Unterhaltung mit Freunden. Dieser praxisnahe Ansatz gew\u00e4hrleistet dauerhafte Sprachkenntnisse, die weit \u00fcber Pr\u00fcfungen oder Lehrb\u00fccher hinausgehen.<\/p>\n<p style=\"text-align: justify;\"><strong>Beginnen Sie Ihre Spanischreise noch heute und lernen Sie die Sprache auf die richtige Art und Weise!<\/strong><\/p>\n\n\t\t<\/div>\n\t<\/div>\n<section class=\"vc_cta3-container\"><div class=\"vc_general vc_do_cta3 vc_cta3 vc_cta3-style-outline vc_cta3-shape-rounded vc_cta3-align-left vc_cta3-color-classic vc_cta3-icon-size-md vc_cta3-icons-left vc_cta3-actions-right\"><div class=\"vc_cta3-icons\"><div class=\"vc_icon_element vc_icon_element-outer vc_do_icon vc_icon_element-align-left\"><div class=\"vc_icon_element-inner vc_icon_element-color-turquoise vc_icon_element-size-md vc_icon_element-style- vc_icon_element-background-color-grey\" ><span class=\"vc_icon_element-icon fa fa-solid fa-arrow-right-from-bracket\" ><\/span><\/div><\/div><\/div><div class=\"vc_cta3_content-container\"><div class=\"vc_cta3-content\"><header class=\"vc_cta3-content-header\"><h2>Beginnen Sie Ihr spanisches Abenteuer noch heute!<\/h2><\/header><p>Haben Sie Fragen oder m\u00f6chten Sie den perfekten Spanischkurs finden? Kontaktieren Sie HolaSpain noch heute und lassen Sie uns Ihnen bei der Planung Ihrer Lernerfahrung in Spanien helfen.<\/p>\n<\/div><div class=\"vc_cta3-actions\"><div class=\"vc_btn3-container vc_btn3-inline vc_do_btn\" ><a class=\"vc_general vc_btn3 vc_btn3-size-md vc_btn3-shape-rounded vc_btn3-style-modern vc_btn3-color-info\" href=\"https:\/\/holaspain.agency\/de\/#contact\" title=\"\">Erreichen Sie uns heute<\/a><\/div><\/div><\/div><\/div><\/section><\/div><\/div><\/div><\/div>\n<\/div>","protected":false},"excerpt":{"rendered":"<p>Tauchen Sie in das spanische Leben ein - \u00fcben Sie jeden Tag, leben Sie die Kultur und erlangen Sie echte Sprachkenntnisse \u00fcber den Unterricht hinaus.<\/p>","protected":false},"author":1,"featured_media":1405,"parent":0,"menu_order":0,"comment_status":"closed","ping_status":"closed","template":"","meta":{"_seopress_robots_primary_cat":"","_seopress_titles_title":"","_seopress_titles_desc":"","_seopress_robots_index":"yes","_daextam_enable_autolinks":"","footnotes":""},"categories":[],"tags":[],"class_list":["post-12","page","type-page","status-publish","has-post-thumbnail","hentry"],"_links":{"self":[{"href":"https:\/\/holaspain.agency\/de\/wp-json\/wp\/v2\/pages\/12","targetHints":{"allow":["GET"]}}],"collection":[{"href":"https:\/\/holaspain.agency\/de\/wp-json\/wp\/v2\/pages"}],"about":[{"href":"https:\/\/holaspain.agency\/de\/wp-json\/wp\/v2\/types\/page"}],"author":[{"embeddable":true,"href":"https:\/\/holaspain.agency\/de\/wp-json\/wp\/v2\/users\/1"}],"replies":[{"embeddable":true,"href":"https:\/\/holaspain.agency\/de\/wp-json\/wp\/v2\/comments?post=12"}],"version-history":[{"count":7,"href":"https:\/\/holaspain.agency\/de\/wp-json\/wp\/v2\/pages\/12\/revisions"}],"predecessor-version":[{"id":2027,"href":"https:\/\/holaspain.agency\/de\/wp-json\/wp\/v2\/pages\/12\/revisions\/2027"}],"wp:featuredmedia":[{"embeddable":true,"href":"https:\/\/holaspain.agency\/de\/wp-json\/wp\/v2\/media\/1405"}],"wp:attachment":[{"href":"https:\/\/holaspain.agency\/de\/wp-json\/wp\/v2\/media?parent=12"}],"wp:term":[{"taxonomy":"category","embeddable":true,"href":"https:\/\/holaspain.agency\/de\/wp-json\/wp\/v2\/categories?post=12"},{"taxonomy":"post_tag","embeddable":true,"href":"https:\/\/holaspain.agency\/de\/wp-json\/wp\/v2\/tags?post=12"}],"curies":[{"name":"wp","href":"https:\/\/api.w.org\/{rel}","templated":true}]}}